{"id":431,"date":"2022-12-15T02:00:43","date_gmt":"2022-12-15T02:00:43","guid":{"rendered":"https:\/\/demo.bravisthemes.com\/stradale\/?page_id=431"},"modified":"2025-09-24T01:14:31","modified_gmt":"2025-09-24T00:14:31","slug":"menu","status":"publish","type":"page","link":"https:\/\/www.egiodola.ma\/index.php\/menu\/","title":{"rendered":"Menu"},"content":{"rendered":"\t\t<div data-elementor-type=\"wp-page\" data-elementor-id=\"431\" class=\"elementor elementor-431\">\n\t\t\t\t        <section class=\"elementor-section elementor-top-section elementor-element elementor-element-b69657d elementor-section-full_width elementor-section-stretched ct-header-fixed-transparent ct-row-scroll-fixed elementor-section-height-default elementor-section-height-default ct-column-none\" data-id=\"b69657d\" data-element_type=\"section\" data-settings=\"{&quot;stretch_section&quot;:&quot;section-stretched&quot;,&quot;background_background&quot;:&quot;slideshow&quot;,&quot;background_slideshow_gallery&quot;:[{&quot;id&quot;:4445,&quot;url&quot;:&quot;https:\\\/\\\/www.egiodola.ma\\\/wp-content\\\/uploads\\\/2025\\\/03\\\/bg_img.jpg&quot;}],&quot;background_slideshow_slide_duration&quot;:5000,&quot;background_slideshow_slide_transition&quot;:&quot;fade&quot;,&quot;background_slideshow_transition_duration&quot;:500}\">\n            \n                        <div class=\"elementor-container elementor-column-gap-default \">\n                    <div class=\"elementor-column elementor-col-100 elementor-top-column elementor-element elementor-element-b114239 ct-column-none\" data-id=\"b114239\" data-element_type=\"column\" data-settings=\"{&quot;background_background&quot;:&quot;classic&quot;}\">\n        <div class=\"elementor-widget-wrap elementor-element-populated\">\n                    \n        \t\t<div class=\"elementor-element elementor-element-491f136 e-transform elementor-widget elementor-widget-heading\" data-id=\"491f136\" data-element_type=\"widget\" data-settings=\"{&quot;_transform_scale_effect_mobile&quot;:{&quot;unit&quot;:&quot;px&quot;,&quot;size&quot;:0.8000000000000000444089209850062616169452667236328125,&quot;sizes&quot;:[]},&quot;_transform_scale_effect&quot;:{&quot;unit&quot;:&quot;px&quot;,&quot;size&quot;:&quot;&quot;,&quot;sizes&quot;:[]},&quot;_transform_scale_effect_tablet&quot;:{&quot;unit&quot;:&quot;px&quot;,&quot;size&quot;:&quot;&quot;,&quot;sizes&quot;:[]}}\" data-widget_type=\"heading.default\">\n\t\t\t\t<div class=\"elementor-widget-container\">\n\t\t\t\t\t<h1 class=\"elementor-heading-title elementor-size-default\">Votre table vous attend<\/h1>\t\t\t\t<\/div>\n\t\t\t\t<\/div>\n\t\t\t\t<div class=\"elementor-element elementor-element-84e6372 elementor-widget-mobile__width-initial e-transform elementor-widget elementor-widget-heading\" data-id=\"84e6372\" data-element_type=\"widget\" data-settings=\"{&quot;_transform_scale_effect_mobile&quot;:{&quot;unit&quot;:&quot;px&quot;,&quot;size&quot;:0.90000000000000002220446049250313080847263336181640625,&quot;sizes&quot;:[]},&quot;_transform_scale_effect&quot;:{&quot;unit&quot;:&quot;px&quot;,&quot;size&quot;:&quot;&quot;,&quot;sizes&quot;:[]},&quot;_transform_scale_effect_tablet&quot;:{&quot;unit&quot;:&quot;px&quot;,&quot;size&quot;:&quot;&quot;,&quot;sizes&quot;:[]}}\" data-widget_type=\"heading.default\">\n\t\t\t\t<div class=\"elementor-widget-container\">\n\t\t\t\t\t<h2 class=\"elementor-heading-title elementor-size-default\">Reservez d\u00e8s maintenant votre table<br>et plongez dans une exp\u00e9rience culinaire inoubliable.<\/h2>\t\t\t\t<\/div>\n\t\t\t\t<\/div>\n\t\t\t\t<div class=\"elementor-element elementor-element-075a722 elementor-widget elementor-widget-html\" data-id=\"075a722\" data-element_type=\"widget\" data-widget_type=\"html.default\">\n\t\t\t\t<div class=\"elementor-widget-container\">\n\t\t\t\t\t<center><a href=\"https:\/\/www.egiodola.ma\/index.php\/reservation\/\" target=\"_blank\" style=\"\r\n  display: inline-block;\r\n  background-color: rgb(205, 159, 0);\r\n  color: white;\r\n  font-family: Libre Baskerville, serif;\r\n  margin-top:55px;\r\n  font-size: 15px;\r\n  font-weight: bold;\r\n  text-decoration: none;\r\n  padding: 5px 20px;\r\n  text-align: center;\r\n  letter-spacing: 2px;\r\n  border: none;\r\n  transition: background-color 0.3s ease;\r\n\" class='reserve'>RESERVER<\/a>\r\n<\/center>\r\n<style>\r\n  .reserve:hover {\r\n    background-color: rgb(203 167 44) !important;\r\n  }\r\n  \r\n<\/style>\t\t\t\t<\/div>\n\t\t\t\t<\/div>\n\t\t            <\/div>\n        <\/div>\n                    <\/div>\n        <\/section>\n        <div class=\"elementor-element elementor-element-e9225a7 e-flex e-con-boxed e-con e-parent\" data-id=\"e9225a7\" data-element_type=\"container\">\n\t\t\t\t\t<div class=\"e-con-inner\">\n\t\t\t\t<div class=\"elementor-element elementor-element-6f5dc18 elementor-widget elementor-widget-heading\" data-id=\"6f5dc18\" data-element_type=\"widget\" data-widget_type=\"heading.default\">\n\t\t\t\t<div class=\"elementor-widget-container\">\n\t\t\t\t\t<h1 class=\"elementor-heading-title elementor-size-default\">\" Une table. Trois univers \"<br>l'art du go\u00fbt et l'\u00e9lgance des grands crus.\n<\/h1>\t\t\t\t<\/div>\n\t\t\t\t<\/div>\n\t\t\t\t\t<\/div>\n\t\t\t\t<\/div>\n\t\t<div class=\"elementor-element elementor-element-d5de05a e-con-full e-flex e-con e-parent\" data-id=\"d5de05a\" data-element_type=\"container\">\n\t\t<div class=\"elementor-element elementor-element-82a421e e-con-full e-flex e-con e-child\" data-id=\"82a421e\" data-element_type=\"container\">\n\t\t\t\t<div class=\"elementor-element elementor-element-7d8267c elementor-widget elementor-widget-image\" data-id=\"7d8267c\" data-element_type=\"widget\" data-widget_type=\"image.default\">\n\t\t\t\t<div class=\"elementor-widget-container\">\n\t\t\t\t\t\t\t\t\t\t\t\t\t\t\t\t<a href=\"https:\/\/www.egiodola.ma\/wp-content\/uploads\/2025\/05\/METS_Priced.pdf\" target=\"_blank\">\n\t\t\t\t\t\t\t<img fetchpriority=\"high\" decoding=\"async\" width=\"524\" height=\"1000\" src=\"https:\/\/www.egiodola.ma\/wp-content\/uploads\/2025\/05\/leather_METS.png\" class=\"attachment-large size-large wp-image-4876\" alt=\"\" srcset=\"https:\/\/www.egiodola.ma\/wp-content\/uploads\/2025\/05\/leather_METS.png 524w, https:\/\/www.egiodola.ma\/wp-content\/uploads\/2025\/05\/leather_METS-157x300.png 157w\" sizes=\"(max-width: 524px) 100vw, 524px\" \/>\t\t\t\t\t\t\t\t<\/a>\n\t\t\t\t\t\t\t\t\t\t\t\t\t\t\t<\/div>\n\t\t\t\t<\/div>\n\t\t\t\t<\/div>\n\t\t<div class=\"elementor-element elementor-element-39e5e2d e-con-full e-flex e-con e-child\" data-id=\"39e5e2d\" data-element_type=\"container\">\n\t\t\t\t<div class=\"elementor-element elementor-element-df3a1c5 elementor-widget elementor-widget-image\" data-id=\"df3a1c5\" data-element_type=\"widget\" data-widget_type=\"image.default\">\n\t\t\t\t<div class=\"elementor-widget-container\">\n\t\t\t\t\t\t\t\t\t\t\t\t\t\t\t\t<a href=\"https:\/\/www.egiodola.ma\/wp-content\/uploads\/2025\/05\/BOISSONS_Priced.pdf\" target=\"_blank\">\n\t\t\t\t\t\t\t<img decoding=\"async\" width=\"524\" height=\"1000\" src=\"https:\/\/www.egiodola.ma\/wp-content\/uploads\/2025\/05\/leather_BOISSONS.png\" class=\"attachment-large size-large wp-image-4875\" alt=\"\" srcset=\"https:\/\/www.egiodola.ma\/wp-content\/uploads\/2025\/05\/leather_BOISSONS.png 524w, https:\/\/www.egiodola.ma\/wp-content\/uploads\/2025\/05\/leather_BOISSONS-157x300.png 157w\" sizes=\"(max-width: 524px) 100vw, 524px\" \/>\t\t\t\t\t\t\t\t<\/a>\n\t\t\t\t\t\t\t\t\t\t\t\t\t\t\t<\/div>\n\t\t\t\t<\/div>\n\t\t<div class=\"elementor-element elementor-element-ecac4f4 e-con-full e-flex e-con e-child\" data-id=\"ecac4f4\" data-element_type=\"container\">\n\t\t\t\t<div class=\"elementor-element elementor-element-fefc8ea elementor-widget elementor-widget-image\" data-id=\"fefc8ea\" data-element_type=\"widget\" data-widget_type=\"image.default\">\n\t\t\t\t<div class=\"elementor-widget-container\">\n\t\t\t\t\t\t\t\t\t\t\t\t\t\t\t\t<a href=\"https:\/\/www.egiodola.ma\/wp-content\/uploads\/2025\/05\/BOISSONS_Priced.pdf\" target=\"_blank\">\n\t\t\t\t\t\t\t<img decoding=\"async\" width=\"524\" height=\"1000\" src=\"https:\/\/www.egiodola.ma\/wp-content\/uploads\/2025\/09\/leather_TAPAS.png\" class=\"attachment-large size-large wp-image-4947\" alt=\"\" srcset=\"https:\/\/www.egiodola.ma\/wp-content\/uploads\/2025\/09\/leather_TAPAS.png 524w, https:\/\/www.egiodola.ma\/wp-content\/uploads\/2025\/09\/leather_TAPAS-157x300.png 157w\" sizes=\"(max-width: 524px) 100vw, 524px\" \/>\t\t\t\t\t\t\t\t<\/a>\n\t\t\t\t\t\t\t\t\t\t\t\t\t\t\t<\/div>\n\t\t\t\t<\/div>\n\t\t\t\t<\/div>\n\t\t\t\t<\/div>\n\t\t\t\t<\/div>\n\t\t<div class=\"elementor-element elementor-element-374fd8a e-flex e-con-boxed e-con e-parent\" data-id=\"374fd8a\" data-element_type=\"container\">\n\t\t\t\t\t<div class=\"e-con-inner\">\n\t\t<div class=\"elementor-element elementor-element-60e6c11 e-con-full e-flex e-con e-child\" data-id=\"60e6c11\" data-element_type=\"container\">\n\t\t\t\t<div class=\"elementor-element elementor-element-b34fad5 elementor-widget elementor-widget-html\" data-id=\"b34fad5\" data-element_type=\"widget\" data-widget_type=\"html.default\">\n\t\t\t\t<div class=\"elementor-widget-container\">\n\t\t\t\t\t<!DOCTYPE html>\r\n<html>\r\n<head>\r\n<style>\r\n.contact-bar {\r\n    background-color: #000000;\r\n    color: #B8860B;\r\n    padding: 20px 30px;\r\n    display: flex;\r\n    justify-content: space-around;\r\n    align-items: center;\r\n    font-family: Playfair Display !important;\r\n    width: 100%;\r\n    font-size: 18pxpx;\r\n}\r\n\r\n.contact-item {\r\n    display: flex;\r\n    align-items: center;\r\n    gap: 15px;\r\n}\r\n\r\n.contact-item a {\r\n    color: #B8860B;\r\n    text-decoration: none;\r\n    font-size: 18px;\r\n}\r\n\r\n.contact-item:hover {\r\n    color: #DAA520;\r\n}\r\n\r\n.contact-item a:hover {\r\n    color: #DAA520;\r\n}\r\n\r\n.icon {\r\n    width: 23px;\r\n    height: 23px;\r\n    object-fit: contain;\r\n}\r\n\r\n@media (max-width: 768px) {\r\n    .contact-bar {\r\n        flex-direction: column;\r\n        gap: 20px;\r\n        font-size: 14px;\r\n    }\r\n    \r\n    .contact-item {\r\n        width: 100%;\r\n        justify-content: center;\r\n    }\r\n    \r\n    .contact-item a {\r\n        font-size: 16px;\r\n    }\r\n}\r\n<\/style>\r\n<\/head>\r\n<body>\r\n    <div class=\"contact-bar\">\r\n        <div class=\"contact-item\">\r\n            <img decoding=\"async\" class=\"icon\" src=\"https:\/\/www.egiodola.ma\/wp-content\/uploads\/2025\/02\/pin_icon_footer.png\" alt=\"Location\">\r\n            <span>19, rue Al Ananas, Hay Riyad, Rabat<\/span>\r\n        <\/div>\r\n        \r\n        <div class=\"contact-item\">\r\n            <img decoding=\"async\" class=\"icon\" src=\"https:\/\/www.egiodola.ma\/wp-content\/uploads\/2025\/02\/letter_icon.png\" alt=\"Email\">\r\n            <div>\r\n                <a href=\"mailto:Reservation@egiodola.ma\">Contact@egiodola.ma<\/a><br>\r\n            <\/div>\r\n        <\/div>\r\n        \r\n        <div class=\"contact-item\">\r\n            <img decoding=\"async\" class=\"icon\" src=\"https:\/\/www.egiodola.ma\/wp-content\/uploads\/2025\/02\/phone_icon.png\" alt=\"Phone\">\r\n            <a href=\"tel:0666255210\">06 66 25 52 10<\/a>\r\n        <\/div>\r\n        \r\n    <\/div>\r\n<\/body>\r\n<\/html>\t\t\t\t<\/div>\n\t\t\t\t<\/div>\n\t\t\t\t<\/div>\n\t\t<div class=\"elementor-element elementor-element-9b061c9 e-flex e-con-boxed e-con e-child\" data-id=\"9b061c9\" data-element_type=\"container\">\n\t\t\t\t\t<div class=\"e-con-inner\">\n\t\t\t\t<div class=\"elementor-element elementor-element-22f4775 elementor-widget__width-initial elementor-widget-mobile__width-initial e-transform elementor-widget elementor-widget-ct_logo\" data-id=\"22f4775\" data-element_type=\"widget\" data-settings=\"{&quot;_transform_scale_effect&quot;:{&quot;unit&quot;:&quot;px&quot;,&quot;size&quot;:0.6999999999999999555910790149937383830547332763671875,&quot;sizes&quot;:[]},&quot;_transform_scale_effect_tablet&quot;:{&quot;unit&quot;:&quot;px&quot;,&quot;size&quot;:1,&quot;sizes&quot;:[]},&quot;_transform_scale_effect_mobile&quot;:{&quot;unit&quot;:&quot;px&quot;,&quot;size&quot;:&quot;&quot;,&quot;sizes&quot;:[]}}\" data-widget_type=\"ct_logo.default\">\n\t\t\t\t<div class=\"elementor-widget-container\">\n\t\t\t\t\t    <div class=\"ct-logo \">\r\n        <a href=\"https:\/\/demo.bravisthemes.com\/stradale\/\">            <img loading=\"lazy\" decoding=\"async\" width=\"200\" height=\"58\" src=\"https:\/\/www.egiodola.ma\/wp-content\/uploads\/2025\/02\/logo_header-1.png\" class=\"attachment-full\" alt=\"\" \/>        <\/a>    <\/div>\r\n\t\t\t\t<\/div>\n\t\t\t\t<\/div>\n\t\t\t\t<div class=\"elementor-element elementor-element-0bd9bd6 elementor-invisible elementor-widget elementor-widget-ct_icon\" data-id=\"0bd9bd6\" data-element_type=\"widget\" data-settings=\"{&quot;_animation&quot;:&quot;fadeIn&quot;}\" data-widget_type=\"ct_icon.default\">\n\t\t\t\t<div class=\"elementor-widget-container\">\n\t\t\t\t\t    <div class=\"ct-icon1 icon-align-center style2\">\r\n                                    <a class=\"ct_icon-0bd9bd6-0\" href=\"https:\/\/www.facebook.com\/egiodola.ma\">\r\n                    <i aria-hidden=\"true\" class=\"icomoon icon-facebook221\"><\/i>                                    <\/a>\r\n                                                <a class=\"ct_icon-0bd9bd6-1\" href=\"https:\/\/www.instagram.com\/Egiodola_rabat\">\r\n                    <i aria-hidden=\"true\" class=\"icomoon icon-instagram\"><\/i>                                    <\/a>\r\n                                                <a class=\"ct_icon-0bd9bd6-2\" href=\"#\">\r\n                    <i aria-hidden=\"true\" class=\"fab fa-tripadvisor\"><\/i>                                    <\/a>\r\n                        <\/div>\r\n\t\t\t\t<\/div>\n\t\t\t\t<\/div>\n\t\t\t\t\t<\/div>\n\t\t\t\t<\/div>\n\t\t\t\t\t<\/div>\n\t\t\t\t<\/div>\n\t\t\t\t<\/div>\n\t\t","protected":false},"excerpt":{"rendered":"<p>Votre table vous attend Reservez d\u00e8s maintenant votre tableet plongez dans une exp\u00e9rience culinaire inoubliable. RESERVER &#8221; Une table. Trois univers &#8220;l&#8217;art du go\u00fbt et l&#8217;\u00e9lgance des grands crus. 19, rue Al Ananas, Hay Riyad, Rabat Contact@egiodola.ma 06 66 25 52 10<\/p>\n","protected":false},"author":1,"featured_media":0,"parent":0,"menu_order":0,"comment_status":"closed","ping_status":"closed","template":"","meta":{"footnotes":""},"class_list":["post-431","page","type-page","status-publish","hentry"],"_links":{"self":[{"href":"https:\/\/www.egiodola.ma\/index.php\/wp-json\/wp\/v2\/pages\/431","targetHints":{"allow":["GET"]}}],"collection":[{"href":"https:\/\/www.egiodola.ma\/index.php\/wp-json\/wp\/v2\/pages"}],"about":[{"href":"https:\/\/www.egiodola.ma\/index.php\/wp-json\/wp\/v2\/types\/page"}],"author":[{"embeddable":true,"href":"https:\/\/www.egiodola.ma\/index.php\/wp-json\/wp\/v2\/users\/1"}],"replies":[{"embeddable":true,"href":"https:\/\/www.egiodola.ma\/index.php\/wp-json\/wp\/v2\/comments?post=431"}],"version-history":[{"count":557,"href":"https:\/\/www.egiodola.ma\/index.php\/wp-json\/wp\/v2\/pages\/431\/revisions"}],"predecessor-version":[{"id":5000,"href":"https:\/\/www.egiodola.ma\/index.php\/wp-json\/wp\/v2\/pages\/431\/revisions\/5000"}],"wp:attachment":[{"href":"https:\/\/www.egiodola.ma\/index.php\/wp-json\/wp\/v2\/media?parent=431"}],"curies":[{"name":"wp","href":"https:\/\/api.w.org\/{rel}","templated":true}]}}