{"id":326,"date":"2022-12-14T04:29:08","date_gmt":"2022-12-14T04:29:08","guid":{"rendered":"https:\/\/demo.bravisthemes.com\/stradale\/?page_id=326"},"modified":"2025-12-08T07:32:51","modified_gmt":"2025-12-08T06:32:51","slug":"reservation","status":"publish","type":"page","link":"https:\/\/www.egiodola.ma\/index.php\/reservation\/","title":{"rendered":"Reservation"},"content":{"rendered":"\t\t<div data-elementor-type=\"wp-page\" data-elementor-id=\"326\" class=\"elementor elementor-326\">\n\t\t\t\t        <section class=\"elementor-section elementor-top-section elementor-element elementor-element-9218bcf elementor-section-full_width elementor-section-stretched ct-header-fixed-transparent ct-row-scroll-fixed elementor-section-height-min-height elementor-section-items-stretch elementor-section-height-default ct-column-none\" data-id=\"9218bcf\" data-element_type=\"section\" data-settings=\"{&quot;stretch_section&quot;:&quot;section-stretched&quot;,&quot;background_background&quot;:&quot;slideshow&quot;,&quot;background_slideshow_gallery&quot;:[{&quot;id&quot;:4361,&quot;url&quot;:&quot;https:\\\/\\\/www.egiodola.ma\\\/wp-content\\\/uploads\\\/2025\\\/02\\\/Slider_contact.jpg&quot;}],&quot;background_slideshow_slide_duration&quot;:5000,&quot;background_slideshow_slide_transition&quot;:&quot;fade&quot;,&quot;background_slideshow_transition_duration&quot;:500}\">\n            \n                        <div class=\"elementor-container elementor-column-gap-default \">\n                    <div class=\"elementor-column elementor-col-100 elementor-top-column elementor-element elementor-element-9117cb1 ct-column-none\" data-id=\"9117cb1\" data-element_type=\"column\" data-settings=\"{&quot;background_background&quot;:&quot;classic&quot;}\">\n        <div class=\"elementor-widget-wrap elementor-element-populated\">\n                    \n        \t\t<div class=\"elementor-element elementor-element-5c8038b elementor-widget-mobile__width-initial elementor-widget elementor-widget-heading\" data-id=\"5c8038b\" data-element_type=\"widget\" data-widget_type=\"heading.default\">\n\t\t\t\t<div class=\"elementor-widget-container\">\n\t\t\t\t\t<h1 class=\"elementor-heading-title elementor-size-default\">Votre table vous attend<\/h1>\t\t\t\t<\/div>\n\t\t\t\t<\/div>\n\t\t\t\t<div class=\"elementor-element elementor-element-90e4deb elementor-widget-mobile__width-initial elementor-widget elementor-widget-heading\" data-id=\"90e4deb\" data-element_type=\"widget\" data-widget_type=\"heading.default\">\n\t\t\t\t<div class=\"elementor-widget-container\">\n\t\t\t\t\t<h2 class=\"elementor-heading-title elementor-size-default\">Reservez d\u00e8s maintenant votre table<br>et plongez dans une exp\u00e9rience culinaire inoubliable.<\/h2>\t\t\t\t<\/div>\n\t\t\t\t<\/div>\n\t\t            <\/div>\n        <\/div>\n                    <\/div>\n        <\/section>\n                <section class=\"elementor-section elementor-top-section elementor-element elementor-element-9cfcf97 elementor-section-stretched elementor-section-boxed elementor-section-height-default elementor-section-height-default ct-header-fixed-none ct-column-none ct-row-scroll-none\" data-id=\"9cfcf97\" data-element_type=\"section\" data-settings=\"{&quot;stretch_section&quot;:&quot;section-stretched&quot;,&quot;background_background&quot;:&quot;slideshow&quot;,&quot;background_slideshow_gallery&quot;:[{&quot;id&quot;:3765,&quot;url&quot;:&quot;https:\\\/\\\/www.egiodola.ma\\\/wp-content\\\/uploads\\\/2025\\\/02\\\/dsssssssssssss.png&quot;}],&quot;background_slideshow_loop&quot;:&quot;yes&quot;,&quot;background_slideshow_slide_duration&quot;:5000,&quot;background_slideshow_slide_transition&quot;:&quot;fade&quot;,&quot;background_slideshow_transition_duration&quot;:500}\">\n            \n                        <div class=\"elementor-container elementor-column-gap-extended \">\n                    <div class=\"elementor-column elementor-col-100 elementor-top-column elementor-element elementor-element-ae88157 ct-column-none\" data-id=\"ae88157\" data-element_type=\"column\">\n        <div class=\"elementor-widget-wrap elementor-element-populated\">\n                    \n        \t\t<div class=\"elementor-element elementor-element-1dbf632 elementor-widget__width-initial elementor-widget elementor-widget-heading\" data-id=\"1dbf632\" data-element_type=\"widget\" data-widget_type=\"heading.default\">\n\t\t\t\t<div class=\"elementor-widget-container\">\n\t\t\t\t\t<h1 class=\"elementor-heading-title elementor-size-default\">R\u00e9servation<\/h1>\t\t\t\t<\/div>\n\t\t\t\t<\/div>\n\t\t\t\t<div class=\"elementor-element elementor-element-4fe6747 elementor-widget elementor-widget-image\" data-id=\"4fe6747\" data-element_type=\"widget\" data-widget_type=\"image.default\">\n\t\t\t\t<div class=\"elementor-widget-container\">\n\t\t\t\t\t\t\t\t\t\t\t\t\t\t\t<img decoding=\"async\" width=\"235\" height=\"14\" src=\"https:\/\/www.egiodola.ma\/wp-content\/uploads\/2025\/02\/divider.png\" class=\"attachment-large size-large wp-image-2854\" alt=\"\" \/>\t\t\t\t\t\t\t\t\t\t\t\t\t\t\t<\/div>\n\t\t\t\t<\/div>\n\t\t\t\t<div class=\"elementor-element elementor-element-4d01978 elementor-widget elementor-widget-heading\" data-id=\"4d01978\" data-element_type=\"widget\" data-widget_type=\"heading.default\">\n\t\t\t\t<div class=\"elementor-widget-container\">\n\t\t\t\t\t<h2 class=\"elementor-heading-title elementor-size-default\">Pour toute r\u00e9servation, nous vous prions de bien vouloir remplir le formulaire ci-dessous\n\n<\/h2>\t\t\t\t<\/div>\n\t\t\t\t<\/div>\n\t\t\t\t<div class=\"elementor-element elementor-element-7553ccb elementor-widget elementor-widget-html\" data-id=\"7553ccb\" data-element_type=\"widget\" data-widget_type=\"html.default\">\n\t\t\t\t<div class=\"elementor-widget-container\">\n\t\t\t\t\t<div class=\"row contact1\" style=\"top: 50px; position: relative; background: transparent\">\r\n<div class=\"col-md-8 offset\" style=\"margin: 0 auto\">\r\n<script src=\"https:\/\/cdnjs.cloudflare.com\/ajax\/libs\/jquery\/3.6.0\/jquery.min.js\"><\/script>\r\n<script src=\"https:\/\/cdnjs.cloudflare.com\/ajax\/libs\/jqueryui\/1.12.1\/jquery-ui.min.js\"><\/script>\r\ncode\r\nCode\r\n<div class=\"row input-contact\">\r\n  <div class=\"col-md-4 mb10\">\r\n    <div class=\"input-filled\">\r\n      <label style=\"color: #9e8b49\"> Date <\/label>\r\n      <input\r\n        type=\"text\"\r\n        name=\"custom-date\"\r\n        id=\"custom-date\"\r\n        class=\"custom-date\"\r\n        required\r\n      \/>\r\n      <span class=\"custom-date-error\" style=\"color: #ff0000; display: none\"\r\n        >Veuillez entrer une date<\/span\r\n      >\r\n    <\/div>\r\n  <\/div>\r\n  <div class=\"col-md-4 mb10\">\r\n    <div class=\"input-filled\">\r\n      <label style=\"color: #9e8b49\"> Heure <\/label>\r\n      <select\r\n        name=\"custom-time\"\r\n        id=\"custom-time\"\r\n        class=\"custom-time\"\r\n        required\r\n      >\r\n        <option value=\"\" disabled selected>S\u00e9lectionner<\/option>\r\n      <\/select>\r\n      <p class=\"custom-time-error\" style=\"color: #ff0000; display: none\">\r\n        Horaire non disponible\r\n      <\/p>\r\n    <\/div>\r\n  <\/div>\r\n  <div class=\"col-md-4 mb10\">\r\n    <div class=\"input-filled\">\r\n      <label style=\"color: #9e8b49\"> Nombre de personnes <\/label>\r\n      <select name=\"menu-197\">\r\n        <option value=\"1\">1<\/option>\r\n        <option value=\"2\">2<\/option>\r\n        <option value=\"3\">3<\/option>\r\n        <option value=\"4\">4<\/option>\r\n        <option value=\"5\">5<\/option>\r\n        <option value=\"6\">6<\/option>\r\n        <option value=\"7\">7<\/option>\r\n        <option value=\"8\">8<\/option>\r\n        <option value=\"9\">9<\/option>\r\n        <option value=\"10\">10<\/option>\r\n        <option value=\"11\">11<\/option>\r\n        <option value=\"12\">12<\/option>\r\n        <option value=\"13\">13<\/option>\r\n        <option value=\"14\">14<\/option>\r\n        <option value=\"15\">15<\/option>\r\n        <option value=\"16\">16<\/option>\r\n        <option value=\"17\">17<\/option>\r\n        <option value=\"18\">18<\/option>\r\n        <option value=\"19\">19<\/option>\r\n        <option value=\"20\">20<\/option>\r\n      <\/select>\r\n    <\/div>\r\n  <\/div>\r\n  <div class=\"col-md-4 mb10\" style=\"margin-top: 20px\">\r\n    <div class=\"input-filled\">\r\n      <label style=\"color: #9e8b49\"> Num\u00e9ro de t\u00e9l\u00e9phone <\/label>\r\n      <input type=\"tel\" name=\"your-phone\" class=\"your-phone\" required \/>\r\n    <\/div>\r\n  <\/div>\r\n  <div class=\"col-md-4 mb10\" style=\"margin-top: 20px\">\r\n    <div class=\"input-filled\">\r\n      <label style=\"color: #9e8b49\"> Nom du Client <\/label>\r\n      <input type=\"text\" name=\"your-name\" class=\"your-name\" required \/>\r\n    <\/div>\r\n  <\/div>\r\n<\/div>\r\n<center>\r\n  <div class=\"ct-button\" style=\"top: 50px; position: relative\">\r\n    <button\r\n      type=\"button\"\r\n      onclick=\"sendToWhatsApp()\"\r\n      style=\"\r\n        padding: 10px 20px 10px 20px;\r\n        font-size: 14px;\r\n        color: white;\r\n        font-family: 'Lora' !important;\r\n        background-color: #cd9f00;\r\n        border: none;\r\n        cursor: pointer;\r\n      \"\r\n    >\r\n      R\u00e9server\r\n    <\/button>\r\n  <\/div>\r\n<\/center>\r\n<\/div>\r\n<\/div>\r\n<div\r\nid=\"timeErrorModal\"\r\nclass=\"modal\"\r\nstyle=\"\r\ndisplay: none;\r\nposition: fixed;\r\nz-index: 100;\r\nleft: 0;\r\ntop: 0;\r\nwidth: 100%;\r\nheight: 100%;\r\noverflow: auto;\r\nbackground-color: rgba(0, 0, 0, 0.4);\r\n\"\r\n>\r\n<div\r\nclass=\"modal-content\"\r\nstyle=\"\r\nbackground-color: #fefefe;\r\nmargin: 15% auto;\r\npadding: 20px;\r\nborder: 1px solid #888;\r\nwidth: 80%;\r\nmax-width: 500px;\r\ntext-align: center;\r\nfont-family: 'Lora', serif;\r\nposition: relative;\r\n\"\r\n>\r\n<span\r\nclass=\"close\"\r\nstyle=\"\r\ncolor: #aaa;\r\nfloat: right;\r\nfont-size: 28px;\r\nfont-weight: bold;\r\ncursor: pointer;\r\n\"\r\n>&times;<\/span\r\n>\r\n<h2 style=\"color: #9e8b49; margin-bottom: 20px\">Horaire non disponible<\/h2>\r\n<p id=\"error-message\" style=\"margin-bottom: 20px; font-size: 16px\">\r\nVeuillez choisir un horaire disponible.\r\n<\/p>\r\n<h3 style=\"color: #9e8b49; margin-top: 20px\">Nos horaires d'ouverture<\/h3>\r\n<div style=\"text-align: left; margin: 0 auto; max-width: 400px\">\r\n<p><strong>Tous les jours :<\/strong><\/p>\r\n<ul style=\"list-style-type: none; padding-left: 20px\">\r\n<li>\u2022 Service : 16h00 - 01h00<\/li>\r\n<\/ul>\r\n<\/div>\r\n<button\r\nid=\"close-modal-btn\"\r\nstyle=\"\r\nmargin-top: 20px;\r\npadding: 10px 20px;\r\nbackground-color: #9e8b49;\r\ncolor: white;\r\nborder: none;\r\ncursor: pointer;\r\nfont-family: 'Lora', serif;\r\n\"\r\n>\r\nCompris\r\n<\/button>\r\n<\/div>\r\n<\/div>\r\n<style>\r\n.input-filled input {\r\nbackground-color: transparent;\r\nborder: 1px solid #9e8b49;\r\ncolor: #9e8b49;\r\npadding: 10px;\r\nwidth: 100%;\r\nfont-family: \"Lora\", serif;\r\n}\r\n\r\n.input-filled input:focus {\r\noutline: none;\r\nborder-color: #c9aa5f;\r\nbox-shadow: 0 0 5px rgba(201, 170, 95, 0.5);\r\n}\r\n\r\n.input-filled label {\r\ncolor: #9e8b49;\r\nfont-weight: bold;\r\n}\r\n\r\n.input-filled > p > label,\r\nbody {\r\nfont-family: \"Lora\" !important;\r\ncolor: #9e8b49 !important;\r\n}\r\ninput,\r\nselect {\r\nwidth: 100%;\r\npadding: 8px;\r\nmargin-top: 5px;\r\nborder: 1px solid #9e8b49;\r\nbackground-color: transparent;\r\ncolor: #9e8b49;\r\nbox-sizing: border-box;\r\nfont-family: \"Lora\", serif;\r\n}\r\n\r\nyy .ui-state-active,\r\n.ui-widget-content .ui-state-active {\r\nbackground: #9e8b49 !important;\r\ncolor: #fff !important;\r\n}\r\n\r\ninput::placeholder {\r\ncolor: rgba(158, 139, 73, 0.6);\r\n}\r\ninput:focus,\r\nselect:focus {\r\nborder-color: #9e8b49;\r\noutline: none;\r\nbox-shadow: 0 0 5px rgba(158, 139, 73, 0.3);\r\n}\r\nselect {\r\n-webkit-appearance: none;\r\n-moz-appearance: none;\r\nappearance: none;\r\nbackground-image: url(\"data:image\/svg+xml;charset=US-ASCII,%3Csvg%20xmlns%3D%22http%3A%2F%2Fwww.w3.org%2F2000%2Fsvg%22%20width%3D%22292.4%22%20height%3D%22292.4%22%3E%3Cpath%20fill%3D%22%239e8b49%22%20d%3D%22M287%2069.4a17.6%2017.6%200%200%200-13-5.4H18.4c-5%200-9.3%201.8-12.9%205.4A17.6%2017.6%200%200%200%200%2082.2c0%205%201.8%209.3%205.4%2012.9l128%20127.9c3.6%203.6%207.8%205.4%2012.8%205.4s9.2-1.8%2012.8-5.4L287%2095c3.5-3.5%205.4-7.8%205.4-12.8%200-5-1.9-9.2-5.5-12.8z%22%2F%3E%3C%2Fsvg%3E\");\r\nbackground-repeat: no-repeat;\r\nbackground-position: right 10px center;\r\nbackground-size: 12px;\r\npadding-right: 30px;\r\n}\r\n.custom-time-error,\r\n.custom-date-error {\r\nfont-size: 12px;\r\nmargin-top: 5px;\r\n}\r\n<\/style>\r\n<script>\r\ndocument.addEventListener(\"DOMContentLoaded\", function () {\r\nconst timeInput = document.querySelector(\"#custom-time\");\r\nconst dateInput = document.querySelector(\"#custom-date\");\r\nconst timeErrorElement = document.querySelector(\".custom-time-error\");\r\nconst dateErrorElement = document.querySelector(\".custom-date-error\");\r\nconst modal = document.getElementById(\"timeErrorModal\");\r\nconst closeBtn = document.querySelector(\".close\");\r\nconst closeModalBtn = document.getElementById(\"close-modal-btn\");\r\n\r\n$(function () {\r\n$.datepicker.regional[\"fr\"] = {\r\ncloseText: \"Fermer\",\r\nprevText: \"Pr\u00e9c\u00e9dent\",\r\nnextText: \"Suivant\",\r\ncurrentText: \"Aujourd'hui\",\r\nmonthNames: [\r\n\"Janvier\",\r\n\"F\u00e9vrier\",\r\n\"Mars\",\r\n\"Avril\",\r\n\"Mai\",\r\n\"Juin\",\r\n\"Juillet\",\r\n\"Ao\u00fbt\",\r\n\"Septembre\",\r\n\"Octobre\",\r\n\"Novembre\",\r\n\"D\u00e9cembre\",\r\n],\r\nmonthNamesShort: [\r\n\"Janv.\",\r\n\"F\u00e9vr.\",\r\n\"Mars\",\r\n\"Avril\",\r\n\"Mai\",\r\n\"Juin\",\r\n\"Juil.\",\r\n\"Ao\u00fbt\",\r\n\"Sept.\",\r\n\"Oct.\",\r\n\"Nov.\",\r\n\"D\u00e9c.\",\r\n],\r\ndayNames: [\r\n\"Dimanche\",\r\n\"Lundi\",\r\n\"Mardi\",\r\n\"Mercredi\",\r\n\"Jeudi\",\r\n\"Vendredi\",\r\n\"Samedi\",\r\n],\r\ndayNamesShort: [\"Dim.\", \"Lun.\", \"Mar.\", \"Mer.\", \"Jeu.\", \"Ven.\", \"Sam.\"],\r\ndayNamesMin: [\"Di\", \"Lu\", \"Ma\", \"Me\", \"Je\", \"Ve\", \"Sa\"],\r\nweekHeader: \"Sem.\",\r\ndateFormat: \"dd\/mm\/yy\",\r\nfirstDay: 1,\r\nisRTL: false,\r\nshowMonthAfterYear: false,\r\nyearSuffix: \"\",\r\n};\r\n\r\n$.datepicker.setDefaults($.datepicker.regional[\"fr\"]);\r\n\r\n$(\"#custom-date\").datepicker({\r\ndateFormat: \"dd\/mm\/yy\",\r\nminDate: 0,\r\nbeforeShowDay: function (date) {\r\nreturn [true, \"\"];\r\n},\r\nonSelect: function (dateText) {\r\nupdateTimeSlots();\r\n},\r\n});\r\n});\r\n\r\nfunction showTimeError(message) {\r\ndocument.getElementById(\"error-message\").textContent = message;\r\nmodal.style.display = \"block\";\r\ntimeInput.style.borderColor = \"#ff0000\";\r\ntimeErrorElement.style.display = \"block\";\r\n}\r\n\r\nfunction hideTimeError() {\r\nmodal.style.display = \"none\";\r\ntimeInput.style.borderColor = \"\";\r\ntimeErrorElement.style.display = \"none\";\r\n}\r\n\r\ncloseBtn.onclick = hideTimeError;\r\ncloseModalBtn.onclick = hideTimeError;\r\n\r\nwindow.onclick = function (event) {\r\nif (event.target == modal) {\r\nhideTimeError();\r\n}\r\n};\r\n\r\nconst serviceSlots = [\r\n{ display: \"16h00\", value: \"16h00\" },\r\n{ display: \"16h30\", value: \"16h30\" },\r\n{ display: \"17h00\", value: \"17h00\" },\r\n{ display: \"17h30\", value: \"17h30\" },\r\n{ display: \"18h00\", value: \"18h00\" },\r\n{ display: \"18h30\", value: \"18h30\" },\r\n{ display: \"19h00\", value: \"19h00\" },\r\n{ display: \"19h30\", value: \"19h30\" },\r\n{ display: \"20h00\", value: \"20h00\" },\r\n{ display: \"20h30\", value: \"20h30\" },\r\n{ display: \"21h00\", value: \"21h00\" },\r\n{ display: \"21h30\", value: \"21h30\" },\r\n{ display: \"22h00\", value: \"22h00\" },\r\n{ display: \"22h30\", value: \"22h30\" },\r\n{ display: \"23h00\", value: \"23h00\" },\r\n{ display: \"23h30\", value: \"23h30\" },\r\n{ display: \"00h00\", value: \"00h00\" },\r\n{ display: \"00h30\", value: \"00h30\" },\r\n{ display: \"01h00\", value: \"01h00\" },\r\n];\r\n\r\nfunction updateTimeSlots() {\r\nif (!dateInput.value) return;\r\n\r\ntimeInput.innerHTML =\r\n'<option value=\"\" disabled selected>S\u00e9lectionner<\/option>';\r\n\r\nserviceSlots.forEach((slot) => {\r\nlet option = document.createElement(\"option\");\r\noption.value = slot.value;\r\noption.textContent = slot.display;\r\ntimeInput.appendChild(option);\r\n});\r\n}\r\n\r\nwindow.validateCustomTime = function () {\r\nreturn timeInput.value !== \"\";\r\n};\r\n\r\n$(dateInput).on(\"change\", updateTimeSlots);\r\n\r\nif (dateInput.value) {\r\nupdateTimeSlots();\r\n}\r\n});\r\n\r\nfunction sendToWhatsApp() {\r\nconst date = document.querySelector(\"#custom-date\").value;\r\nconst time = document.querySelector(\"#custom-time\").value;\r\nconst people = document.querySelector(\"select[name='menu-197']\").value;\r\nconst phoneInput = document.querySelector(\".your-phone\");\r\nconst nameInput = document.querySelector(\".your-name\");\r\n\r\nif (!date || !time || !people || !phoneInput.value || !nameInput.value) {\r\nalert(\"Veuillez remplir tous les champs.\");\r\nreturn;\r\n}\r\n\r\nconst clientPhone = phoneInput.value;\r\nconst clientName = nameInput.value;\r\nconst recipientPhoneNumber = \"+2120666255210\";\r\n\r\nconst message = `R\u00e9servation:\\n\ud83d\udcc5 Date: ${date}\\n\u23f0 Heure: ${time}\\n\ud83d\udc65 Nombre de personnes: ${people}\\n\ud83d\udcde Num\u00e9ro de t\u00e9l\u00e9phone du client: ${clientPhone}\\n\ud83d\udc64 Nom du Client: ${clientName}`;\r\n\r\nconst appURL = `whatsapp:\/\/send?phone=${recipientPhoneNumber}&text=${encodeURIComponent(\r\nmessage\r\n)}`;\r\n\r\nconst webURL = `https:\/\/api.whatsapp.com\/send?phone=${recipientPhoneNumber}&text=${encodeURIComponent(\r\nmessage\r\n)}`;\r\n\r\nlet appOpened = false;\r\nlet fallbackTimeout;\r\n\r\nconst originalOnBlur = window.onblur;\r\nwindow.onblur = function () {\r\nappOpened = true;\r\nif (fallbackTimeout) clearTimeout(fallbackTimeout);\r\nwindow.onblur = originalOnBlur;\r\n};\r\n\r\nwindow.location.href = appURL;\r\n\r\nfallbackTimeout = setTimeout(function () {\r\nwindow.onblur = originalOnBlur;\r\nif (!appOpened) {\r\nwindow.open(webURL, \"_blank\");\r\n}\r\n}, 700);\r\n}\r\n<\/script>\t\t\t\t<\/div>\n\t\t\t\t<\/div>\n\t\t            <\/div>\n        <\/div>\n                    <\/div>\n        <\/section>\n        <div class=\"elementor-element elementor-element-1a429aa e-con-full e-flex e-con e-parent\" data-id=\"1a429aa\" data-element_type=\"container\">\n\t\t\t\t<div class=\"elementor-element elementor-element-49cea08 elementor-widget elementor-widget-heading\" data-id=\"49cea08\" data-element_type=\"widget\" data-widget_type=\"heading.default\">\n\t\t\t\t<div class=\"elementor-widget-container\">\n\t\t\t\t\t<h2 class=\"elementor-heading-title elementor-size-default\">R\u00e9servez votre \u00e9vasion gourmande!<\/h2>\t\t\t\t<\/div>\n\t\t\t\t<\/div>\n\t\t\t\t<\/div>\n\t\t<div class=\"elementor-element elementor-element-d5d3d9d e-flex e-con-boxed e-con e-parent\" data-id=\"d5d3d9d\" data-element_type=\"container\">\n\t\t\t\t\t<div class=\"e-con-inner\">\n\t\t<div class=\"elementor-element elementor-element-6956371 e-con-full e-flex e-con e-child\" data-id=\"6956371\" data-element_type=\"container\">\n\t\t\t\t<div class=\"elementor-element elementor-element-7418439 elementor-widget__width-initial elementor-widget-mobile__width-initial e-transform elementor-widget elementor-widget-ct_logo\" data-id=\"7418439\" data-element_type=\"widget\" data-settings=\"{&quot;_transform_scale_effect&quot;:{&quot;unit&quot;:&quot;px&quot;,&quot;size&quot;:0.6999999999999999555910790149937383830547332763671875,&quot;sizes&quot;:[]},&quot;_transform_scale_effect_tablet&quot;:{&quot;unit&quot;:&quot;px&quot;,&quot;size&quot;:0.8000000000000000444089209850062616169452667236328125,&quot;sizes&quot;:[]},&quot;_transform_scale_effect_mobile&quot;:{&quot;unit&quot;:&quot;px&quot;,&quot;size&quot;:&quot;&quot;,&quot;sizes&quot;:[]}}\" data-widget_type=\"ct_logo.default\">\n\t\t\t\t<div class=\"elementor-widget-container\">\n\t\t\t\t\t    <div class=\"ct-logo \">\r\n        <a href=\"https:\/\/www.egiodola.ma\/\">            <img decoding=\"async\" width=\"200\" height=\"58\" src=\"https:\/\/www.egiodola.ma\/wp-content\/uploads\/2025\/02\/02.png\" class=\"attachment-full\" alt=\"\" \/>        <\/a>    <\/div>\r\n\t\t\t\t<\/div>\n\t\t\t\t<\/div>\n\t\t\t\t<div class=\"elementor-element elementor-element-0176703 elementor-widget__width-initial elementor-widget-mobile__width-initial e-transform e-transform elementor-invisible elementor-widget elementor-widget-ct_icon\" data-id=\"0176703\" data-element_type=\"widget\" data-settings=\"{&quot;_animation&quot;:&quot;fadeIn&quot;,&quot;_transform_scale_effect&quot;:{&quot;unit&quot;:&quot;px&quot;,&quot;size&quot;:1,&quot;sizes&quot;:[]},&quot;_transform_scale_effect_tablet&quot;:{&quot;unit&quot;:&quot;px&quot;,&quot;size&quot;:&quot;&quot;,&quot;sizes&quot;:[]},&quot;_transform_scale_effect_mobile&quot;:{&quot;unit&quot;:&quot;px&quot;,&quot;size&quot;:&quot;&quot;,&quot;sizes&quot;:[]},&quot;_transform_scale_effect_hover&quot;:{&quot;unit&quot;:&quot;px&quot;,&quot;size&quot;:&quot;&quot;,&quot;sizes&quot;:[]},&quot;_transform_scale_effect_hover_tablet&quot;:{&quot;unit&quot;:&quot;px&quot;,&quot;size&quot;:&quot;&quot;,&quot;sizes&quot;:[]},&quot;_transform_scale_effect_hover_mobile&quot;:{&quot;unit&quot;:&quot;px&quot;,&quot;size&quot;:&quot;&quot;,&quot;sizes&quot;:[]}}\" data-widget_type=\"ct_icon.default\">\n\t\t\t\t<div class=\"elementor-widget-container\">\n\t\t\t\t\t    <div class=\"ct-icon1 icon-align-center style2\">\r\n                                    <a class=\"ct_icon-0176703-0\" href=\"https:\/\/www.facebook.com\/egiodola.ma\">\r\n                    <i aria-hidden=\"true\" class=\"icomoon icon-facebook221\"><\/i>                                    <\/a>\r\n                                                <a class=\"ct_icon-0176703-1\" href=\"https:\/\/www.instagram.com\/Egiodola_rabat\">\r\n                    <i aria-hidden=\"true\" class=\"icomoon icon-instagram\"><\/i>                                    <\/a>\r\n                                                <a class=\"ct_icon-0176703-2\" href=\"#\">\r\n                    <i aria-hidden=\"true\" class=\"fab fa-tripadvisor\"><\/i>                                    <\/a>\r\n                        <\/div>\r\n\t\t\t\t<\/div>\n\t\t\t\t<\/div>\n\t\t\t\t<\/div>\n\t\t\t\t\t<\/div>\n\t\t\t\t<\/div>\n\t\t<div class=\"elementor-element elementor-element-e9ab654 e-flex e-con-boxed e-con e-parent\" data-id=\"e9ab654\" data-element_type=\"container\">\n\t\t\t\t\t<div class=\"e-con-inner\">\n\t\t\t\t\t<\/div>\n\t\t\t\t<\/div>\n\t\t\t\t<\/div>\n\t\t","protected":false},"excerpt":{"rendered":"<p>Votre table vous attend Reservez d\u00e8s maintenant votre tableet plongez dans une exp\u00e9rience culinaire inoubliable. R\u00e9servation Pour toute r\u00e9servation, nous vous prions de bien vouloir remplir le formulaire ci-dessous code Code Date Veuillez entrer une date Heure S\u00e9lectionner Horaire non disponible Nombre de personnes 1234567891011121314151617181920 Num\u00e9ro de t\u00e9l\u00e9phone Nom du Client R\u00e9server &times; Horaire non [&hellip;]<\/p>\n","protected":false},"author":1,"featured_media":0,"parent":0,"menu_order":0,"comment_status":"closed","ping_status":"closed","template":"","meta":{"footnotes":""},"class_list":["post-326","page","type-page","status-publish","hentry"],"_links":{"self":[{"href":"https:\/\/www.egiodola.ma\/index.php\/wp-json\/wp\/v2\/pages\/326","targetHints":{"allow":["GET"]}}],"collection":[{"href":"https:\/\/www.egiodola.ma\/index.php\/wp-json\/wp\/v2\/pages"}],"about":[{"href":"https:\/\/www.egiodola.ma\/index.php\/wp-json\/wp\/v2\/types\/page"}],"author":[{"embeddable":true,"href":"https:\/\/www.egiodola.ma\/index.php\/wp-json\/wp\/v2\/users\/1"}],"replies":[{"embeddable":true,"href":"https:\/\/www.egiodola.ma\/index.php\/wp-json\/wp\/v2\/comments?post=326"}],"version-history":[{"count":342,"href":"https:\/\/www.egiodola.ma\/index.php\/wp-json\/wp\/v2\/pages\/326\/revisions"}],"predecessor-version":[{"id":5050,"href":"https:\/\/www.egiodola.ma\/index.php\/wp-json\/wp\/v2\/pages\/326\/revisions\/5050"}],"wp:attachment":[{"href":"https:\/\/www.egiodola.ma\/index.php\/wp-json\/wp\/v2\/media?parent=326"}],"curies":[{"name":"wp","href":"https:\/\/api.w.org\/{rel}","templated":true}]}}